{"id":37,"date":"2022-05-12T11:22:08","date_gmt":"2022-05-12T11:22:08","guid":{"rendered":"https:\/\/elementor.africaniorondema.org\/?page_id=37"},"modified":"2025-12-15T13:31:31","modified_gmt":"2025-12-15T12:31:31","slug":"actualites","status":"publish","type":"page","link":"https:\/\/elementor.africaniorondema.org\/?page_id=37","title":{"rendered":"Actualit\u00e9s"},"content":{"rendered":"\t\t<div data-elementor-type=\"wp-page\" data-elementor-id=\"37\" class=\"elementor elementor-37\">\n\t\t\t\t\t\t<section class=\"elementor-section elementor-top-section elementor-element elementor-element-eb02185 elementor-section-boxed elementor-section-height-default elementor-section-height-default\" data-id=\"eb02185\" data-element_type=\"section\" data-settings=\"{&quot;wdt_bg_image&quot;:{&quot;url&quot;:&quot;&quot;,&quot;id&quot;:&quot;&quot;,&quot;size&quot;:&quot;&quot;},&quot;wdt_bg_image_widescreen&quot;:{&quot;url&quot;:&quot;&quot;,&quot;id&quot;:&quot;&quot;,&quot;size&quot;:&quot;&quot;},&quot;wdt_bg_image_laptop&quot;:{&quot;url&quot;:&quot;&quot;,&quot;id&quot;:&quot;&quot;,&quot;size&quot;:&quot;&quot;},&quot;wdt_bg_image_tablet_extra&quot;:{&quot;url&quot;:&quot;&quot;,&quot;id&quot;:&quot;&quot;,&quot;size&quot;:&quot;&quot;},&quot;wdt_bg_image_tablet&quot;:{&quot;url&quot;:&quot;&quot;,&quot;id&quot;:&quot;&quot;,&quot;size&quot;:&quot;&quot;},&quot;wdt_bg_image_mobile_extra&quot;:{&quot;url&quot;:&quot;&quot;,&quot;id&quot;:&quot;&quot;,&quot;size&quot;:&quot;&quot;},&quot;wdt_bg_image_mobile&quot;:{&quot;url&quot;:&quot;&quot;,&quot;id&quot;:&quot;&quot;,&quot;size&quot;:&quot;&quot;},&quot;wdt_bg_position&quot;:&quot;center center&quot;,&quot;wdt_animation_effect&quot;:&quot;none&quot;}\">\n\t\t\t\t\t\t<div class=\"elementor-container elementor-column-gap-no\">\n\t\t\t\t\t<div class=\"elementor-column elementor-col-100 elementor-top-column elementor-element elementor-element-b746c62\" data-id=\"b746c62\" data-element_type=\"column\">\n\t\t\t<div class=\"elementor-widget-wrap elementor-element-populated\">\n\t\t\t\t\t\t<div class=\"elementor-element elementor-element-9045959 elementor-widget elementor-widget-wdt-blog-posts\" data-id=\"9045959\" data-element_type=\"widget\" data-settings=\"{&quot;wdt_animation_effect&quot;:&quot;none&quot;}\" data-widget_type=\"wdt-blog-posts.default\">\n\t\t\t\t<div class=\"elementor-widget-container\">\n\t\t\t\t\t<div class=\"wdt-posts-list-wrapper  \" ><div class='tpl-blog-holder  apply-equal-height '><div class='grid-sizer  entry-grid-layout wdt-boxed-style wdt-default-hover wdt-default-overlay alignnone column wdt-one-third wdt-post-entry '><\/div><div class=\" entry-grid-layout wdt-boxed-style wdt-default-hover wdt-default-overlay alignnone column wdt-one-third wdt-post-entry  \"><article id=\"post-3859\" class=\"post-3859 post type-post status-publish format-standard has-post-thumbnail hentry category-sport blog-entry\">\n\n\n\t<!-- Featured Image -->\n\t<div class=\"entry-thumb\">\n\t\t\n<a href=\"https:\/\/elementor.africaniorondema.org\/?p=3859\" title=\"Permalink to L\u2019impact commence toujours au plus pr\u00e8s de la jeunesse\"><img fetchpriority=\"high\" decoding=\"async\" width=\"948\" height=\"606\" src=\"https:\/\/elementor.africaniorondema.org\/wp-content\/uploads\/2025\/12\/mission1-1.png\" class=\"attachment-wdt-blog-iii-column size-wdt-blog-iii-column wp-post-image\" alt=\"\" srcset=\"https:\/\/elementor.africaniorondema.org\/wp-content\/uploads\/2025\/12\/mission1-1.png 948w, https:\/\/elementor.africaniorondema.org\/wp-content\/uploads\/2025\/12\/mission1-1-300x192.png 300w, https:\/\/elementor.africaniorondema.org\/wp-content\/uploads\/2025\/12\/mission1-1-768x491.png 768w\" sizes=\"(max-width: 948px) 100vw, 948px\" \/><\/a>\n        <\/div><!-- Featured Image -->\n<!-- Entry Date -->\n<div class=\"entry-date\"><i class=\"wdticon-calendar\"> <\/i>15 d\u00e9cembre 2025<\/div><!-- Entry Date -->\n<!-- Entry Title -->\n<div class=\"entry-title\">\n\t<h4>    \t<a href=\"https:\/\/elementor.africaniorondema.org\/?p=3859\" title=\"Permalink to L\u2019impact commence toujours au plus pr\u00e8s de la jeunesse\">L\u2019impact commence toujours au plus pr\u00e8s de la jeunesse<\/a>\n\t<\/h4>\n<\/div><!-- Entry Title -->\n\t<div class=\"entry-body\"><p>Africa Ni\u00f5rondema \u2014 L\u2019impact commence toujours au plus pr\u00e8s de la jeunesse.\u00a0Africa Ni\u00f5rondema \u2014 Impact always begins...<\/p><\/div>\n\n<!-- Entry Button --><div class=\"entry-button\"><a href=\"https:\/\/elementor.africaniorondema.org\/?p=3859\" title=\"L\u2019impact commence toujours au plus pr\u00e8s de la jeunesse\" class=\"wdt-button\">Read More<span><svg xmlns=\"http:\/\/www.w3.org\/2000\/svg\" xmlns:xlink=\"http:\/\/www.w3.org\/1999\/xlink\" x=\"0px\" y=\"0px\" viewBox=\"0 0 100 59\" style=\"enable-background:new 0 0 100 59;\" xml:space=\"preserve\"><polygon points=\"59.9,6.1 79.4,25.7 6,25.7 6,33.3 79.4,33.3 59.9,52.9 65.3,58.2 94,29.5 65.3,0.8 \"><\/polygon><\/svg><\/span><\/a><\/div><!-- Entry Button --><\/article><\/div><div class=\" entry-grid-layout wdt-boxed-style wdt-default-hover wdt-default-overlay alignnone column wdt-one-third wdt-post-entry  \"><article id=\"post-3856\" class=\"post-3856 post type-post status-publish format-standard has-post-thumbnail hentry category-sante blog-entry\">\n\n\n\t<!-- Featured Image -->\n\t<div class=\"entry-thumb\">\n\t\t\n<a href=\"https:\/\/elementor.africaniorondema.org\/?p=3856\" title=\"Permalink to Rencontre avec l\u2019OMS Guin\u00e9e\"><img decoding=\"async\" width=\"600\" height=\"400\" src=\"https:\/\/elementor.africaniorondema.org\/wp-content\/uploads\/2025\/12\/article-sante.png\" class=\"attachment-wdt-blog-iii-column size-wdt-blog-iii-column wp-post-image\" alt=\"\" srcset=\"https:\/\/elementor.africaniorondema.org\/wp-content\/uploads\/2025\/12\/article-sante.png 600w, https:\/\/elementor.africaniorondema.org\/wp-content\/uploads\/2025\/12\/article-sante-300x200.png 300w\" sizes=\"(max-width: 600px) 100vw, 600px\" \/><\/a>\n        <\/div><!-- Featured Image -->\n<!-- Entry Date -->\n<div class=\"entry-date\"><i class=\"wdticon-calendar\"> <\/i>15 d\u00e9cembre 2025<\/div><!-- Entry Date -->\n<!-- Entry Title -->\n<div class=\"entry-title\">\n\t<h4>    \t<a href=\"https:\/\/elementor.africaniorondema.org\/?p=3856\" title=\"Permalink to Rencontre avec l\u2019OMS Guin\u00e9e\">Rencontre avec l\u2019OMS Guin\u00e9e<\/a>\n\t<\/h4>\n<\/div><!-- Entry Title -->\n\t<div class=\"entry-body\"><p>Africa Ni\u00f5rondema \u2014 Agir avec m\u00e9thode, avancer avec vision.\u00a0Africa Ni\u00f5rondema \u2014 Acting with purpose, moving with vision....<\/p><\/div>\n\n<!-- Entry Button --><div class=\"entry-button\"><a href=\"https:\/\/elementor.africaniorondema.org\/?p=3856\" title=\"Rencontre avec l\u2019OMS Guin\u00e9e\" class=\"wdt-button\">Read More<span><svg xmlns=\"http:\/\/www.w3.org\/2000\/svg\" xmlns:xlink=\"http:\/\/www.w3.org\/1999\/xlink\" x=\"0px\" y=\"0px\" viewBox=\"0 0 100 59\" style=\"enable-background:new 0 0 100 59;\" xml:space=\"preserve\"><polygon points=\"59.9,6.1 79.4,25.7 6,25.7 6,33.3 79.4,33.3 59.9,52.9 65.3,58.2 94,29.5 65.3,0.8 \"><\/polygon><\/svg><\/span><\/a><\/div><!-- Entry Button --><\/article><\/div><div class=\" entry-grid-layout wdt-boxed-style wdt-default-hover wdt-default-overlay alignnone column wdt-one-third wdt-post-entry  \"><article id=\"post-3853\" class=\"post-3853 post type-post status-publish format-standard has-post-thumbnail hentry category-environnement blog-entry\">\n\n\n\t<!-- Featured Image -->\n\t<div class=\"entry-thumb\">\n\t\t\n<a href=\"https:\/\/elementor.africaniorondema.org\/?p=3853\" title=\"Permalink to Actions d\u2019Assainissement dans les rues de Conakry\"><img decoding=\"async\" width=\"600\" height=\"400\" src=\"https:\/\/elementor.africaniorondema.org\/wp-content\/uploads\/2025\/12\/environnement.png\" class=\"attachment-wdt-blog-iii-column size-wdt-blog-iii-column wp-post-image\" alt=\"\" srcset=\"https:\/\/elementor.africaniorondema.org\/wp-content\/uploads\/2025\/12\/environnement.png 600w, https:\/\/elementor.africaniorondema.org\/wp-content\/uploads\/2025\/12\/environnement-300x200.png 300w\" sizes=\"(max-width: 600px) 100vw, 600px\" \/><\/a>\n        <\/div><!-- Featured Image -->\n<!-- Entry Date -->\n<div class=\"entry-date\"><i class=\"wdticon-calendar\"> <\/i>15 d\u00e9cembre 2025<\/div><!-- Entry Date -->\n<!-- Entry Title -->\n<div class=\"entry-title\">\n\t<h4>    \t<a href=\"https:\/\/elementor.africaniorondema.org\/?p=3853\" title=\"Permalink to Actions d\u2019Assainissement dans les rues de Conakry\">Actions d\u2019Assainissement dans les rues de Conakry<\/a>\n\t<\/h4>\n<\/div><!-- Entry Title -->\n\t<div class=\"entry-body\"><p>Africa Ni\u00f5rondema \u2014 Prendre soin de notre environnement, c\u2019est aussi prendre soin les uns des autres.\u00a0Africa Ni\u00f5rondema...<\/p><\/div>\n\n<!-- Entry Button --><div class=\"entry-button\"><a href=\"https:\/\/elementor.africaniorondema.org\/?p=3853\" title=\"Actions d\u2019Assainissement dans les rues de Conakry\" class=\"wdt-button\">Read More<span><svg xmlns=\"http:\/\/www.w3.org\/2000\/svg\" xmlns:xlink=\"http:\/\/www.w3.org\/1999\/xlink\" x=\"0px\" y=\"0px\" viewBox=\"0 0 100 59\" style=\"enable-background:new 0 0 100 59;\" xml:space=\"preserve\"><polygon points=\"59.9,6.1 79.4,25.7 6,25.7 6,33.3 79.4,33.3 59.9,52.9 65.3,58.2 94,29.5 65.3,0.8 \"><\/polygon><\/svg><\/span><\/a><\/div><!-- Entry Button --><\/article><\/div><div class=\" entry-grid-layout wdt-boxed-style wdt-default-hover wdt-default-overlay alignnone column wdt-one-third wdt-post-entry  \"><article id=\"post-3850\" class=\"post-3850 post type-post status-publish format-standard has-post-thumbnail hentry category-education blog-entry\">\n\n\n\t<!-- Featured Image -->\n\t<div class=\"entry-thumb\">\n\t\t\n<a href=\"https:\/\/elementor.africaniorondema.org\/?p=3850\" title=\"Permalink to Rencontre \u00e0 la Grande Mosqu\u00e9e Fay\u00e7al de Conakry\"><img loading=\"lazy\" decoding=\"async\" width=\"948\" height=\"606\" src=\"https:\/\/elementor.africaniorondema.org\/wp-content\/uploads\/2025\/12\/article3.png\" class=\"attachment-wdt-blog-iii-column size-wdt-blog-iii-column wp-post-image\" alt=\"\" srcset=\"https:\/\/elementor.africaniorondema.org\/wp-content\/uploads\/2025\/12\/article3.png 948w, https:\/\/elementor.africaniorondema.org\/wp-content\/uploads\/2025\/12\/article3-300x192.png 300w, https:\/\/elementor.africaniorondema.org\/wp-content\/uploads\/2025\/12\/article3-768x491.png 768w\" sizes=\"(max-width: 948px) 100vw, 948px\" \/><\/a>\n        <\/div><!-- Featured Image -->\n<!-- Entry Date -->\n<div class=\"entry-date\"><i class=\"wdticon-calendar\"> <\/i>15 d\u00e9cembre 2025<\/div><!-- Entry Date -->\n<!-- Entry Title -->\n<div class=\"entry-title\">\n\t<h4>    \t<a href=\"https:\/\/elementor.africaniorondema.org\/?p=3850\" title=\"Permalink to Rencontre \u00e0 la Grande Mosqu\u00e9e Fay\u00e7al de Conakry\">Rencontre \u00e0 la Grande Mosqu\u00e9e Fay\u00e7al de Conakry<\/a>\n\t<\/h4>\n<\/div><!-- Entry Title -->\n\t<div class=\"entry-body\"><p>Africa Ni\u00f5rondema \u2014 La foi, la transmission, l\u2019impact. Merci \u00e0 Elhadj Mamadou Saliou Camara, Imam en chef...<\/p><\/div>\n\n<!-- Entry Button --><div class=\"entry-button\"><a href=\"https:\/\/elementor.africaniorondema.org\/?p=3850\" title=\"Rencontre \u00e0 la Grande Mosqu\u00e9e Fay\u00e7al de Conakry\" class=\"wdt-button\">Read More<span><svg xmlns=\"http:\/\/www.w3.org\/2000\/svg\" xmlns:xlink=\"http:\/\/www.w3.org\/1999\/xlink\" x=\"0px\" y=\"0px\" viewBox=\"0 0 100 59\" style=\"enable-background:new 0 0 100 59;\" xml:space=\"preserve\"><polygon points=\"59.9,6.1 79.4,25.7 6,25.7 6,33.3 79.4,33.3 59.9,52.9 65.3,58.2 94,29.5 65.3,0.8 \"><\/polygon><\/svg><\/span><\/a><\/div><!-- Entry Button --><\/article><\/div><div class=\" entry-grid-layout wdt-boxed-style wdt-default-hover wdt-default-overlay alignnone column wdt-one-third wdt-post-entry  \"><article id=\"post-3847\" class=\"post-3847 post type-post status-publish format-standard has-post-thumbnail hentry category-diplomatie blog-entry\">\n\n\n\t<!-- Featured Image -->\n\t<div class=\"entry-thumb\">\n\t\t\n<a href=\"https:\/\/elementor.africaniorondema.org\/?p=3847\" title=\"Permalink to Rencontre officielle avec le Cabinet de la Pr\u00e9sidence de la R\u00e9publique de Guin\u00e9e\"><img loading=\"lazy\" decoding=\"async\" width=\"948\" height=\"606\" src=\"https:\/\/elementor.africaniorondema.org\/wp-content\/uploads\/2025\/12\/article1.png\" class=\"attachment-wdt-blog-iii-column size-wdt-blog-iii-column wp-post-image\" alt=\"\" srcset=\"https:\/\/elementor.africaniorondema.org\/wp-content\/uploads\/2025\/12\/article1.png 948w, https:\/\/elementor.africaniorondema.org\/wp-content\/uploads\/2025\/12\/article1-300x192.png 300w, https:\/\/elementor.africaniorondema.org\/wp-content\/uploads\/2025\/12\/article1-768x491.png 768w\" sizes=\"(max-width: 948px) 100vw, 948px\" \/><\/a>\n        <\/div><!-- Featured Image -->\n<!-- Entry Date -->\n<div class=\"entry-date\"><i class=\"wdticon-calendar\"> <\/i>15 d\u00e9cembre 2025<\/div><!-- Entry Date -->\n<!-- Entry Title -->\n<div class=\"entry-title\">\n\t<h4>    \t<a href=\"https:\/\/elementor.africaniorondema.org\/?p=3847\" title=\"Permalink to Rencontre officielle avec le Cabinet de la Pr\u00e9sidence de la R\u00e9publique de Guin\u00e9e\">Rencontre officielle avec le Cabinet de la Pr\u00e9sidence de la R\u00e9publique de Guin\u00e9e<\/a>\n\t<\/h4>\n<\/div><!-- Entry Title -->\n\t<div class=\"entry-body\"><p>\u00a0Africa Ni\u00f5rondema \u2014 Transformer durablement, c\u2019est agir avec les d\u00e9cideurs\u00a0Africa Ni\u00f5rondema \u2014 Lasting impact requires action alongside...<\/p><\/div>\n\n<!-- Entry Button --><div class=\"entry-button\"><a href=\"https:\/\/elementor.africaniorondema.org\/?p=3847\" title=\"Rencontre officielle avec le Cabinet de la Pr\u00e9sidence de la R\u00e9publique de Guin\u00e9e\" class=\"wdt-button\">Read More<span><svg xmlns=\"http:\/\/www.w3.org\/2000\/svg\" xmlns:xlink=\"http:\/\/www.w3.org\/1999\/xlink\" x=\"0px\" y=\"0px\" viewBox=\"0 0 100 59\" style=\"enable-background:new 0 0 100 59;\" xml:space=\"preserve\"><polygon points=\"59.9,6.1 79.4,25.7 6,25.7 6,33.3 79.4,33.3 59.9,52.9 65.3,58.2 94,29.5 65.3,0.8 \"><\/polygon><\/svg><\/span><\/a><\/div><!-- Entry Button --><\/article><\/div><\/div><div class=\"pagination blog-pagination\"><\/div><\/div>\t\t\t\t<\/div>\n\t\t\t\t<\/div>\n\t\t\t\t\t<\/div>\n\t\t<\/div>\n\t\t\t\t\t<\/div>\n\t\t<\/section>\n\t\t\t\t<\/div>\n\t\t","protected":false},"excerpt":{"rendered":"<p>03 Mar 2023 Rural House Construction Uiopo iste sed ut perspiciatis unde natus error sit, eaque ipsa quae ab illo inventore veritatis et&#8230; Read More 03 Mar 2023 NGO Forest [&hellip;]<\/p>\n","protected":false},"author":1,"featured_media":0,"parent":0,"menu_order":0,"comment_status":"closed","ping_status":"closed","template":"elementor_header_footer","meta":{"give_campaign_id":0,"inline_featured_image":false,"footnotes":""},"class_list":["post-37","page","type-page","status-publish","hentry","blog-entry","format-standard"],"campaignId":"","_links":{"self":[{"href":"https:\/\/elementor.africaniorondema.org\/index.php?rest_route=\/wp\/v2\/pages\/37","targetHints":{"allow":["GET"]}}],"collection":[{"href":"https:\/\/elementor.africaniorondema.org\/index.php?rest_route=\/wp\/v2\/pages"}],"about":[{"href":"https:\/\/elementor.africaniorondema.org\/index.php?rest_route=\/wp\/v2\/types\/page"}],"author":[{"embeddable":true,"href":"https:\/\/elementor.africaniorondema.org\/index.php?rest_route=\/wp\/v2\/users\/1"}],"replies":[{"embeddable":true,"href":"https:\/\/elementor.africaniorondema.org\/index.php?rest_route=%2Fwp%2Fv2%2Fcomments&post=37"}],"version-history":[{"count":2,"href":"https:\/\/elementor.africaniorondema.org\/index.php?rest_route=\/wp\/v2\/pages\/37\/revisions"}],"predecessor-version":[{"id":3754,"href":"https:\/\/elementor.africaniorondema.org\/index.php?rest_route=\/wp\/v2\/pages\/37\/revisions\/3754"}],"wp:attachment":[{"href":"https:\/\/elementor.africaniorondema.org\/index.php?rest_route=%2Fwp%2Fv2%2Fmedia&parent=37"}],"curies":[{"name":"wp","href":"https:\/\/api.w.org\/{rel}","templated":true}]}}